{"id":153,"date":"2019-01-28T13:05:25","date_gmt":"2019-01-28T13:05:25","guid":{"rendered":"https:\/\/www.atelierappliances.it\/?page_id=153"},"modified":"2019-04-19T09:10:41","modified_gmt":"2019-04-19T09:10:41","slug":"evento","status":"publish","type":"page","link":"https:\/\/www.atelierappliances.it\/it\/evento\/","title":{"rendered":"Evento"},"content":{"rendered":"[vc_row equal_height=&#8221;yes&#8221; el_class=&#8221;my-1&#8243;][vc_column][vc_row_inner equal_height=&#8221;yes&#8221; content_placement=&#8221;top&#8221;][vc_column_inner el_class=&#8221;py-lg-2 px-lg-5&#8243; width=&#8221;2\/3&#8243;][vc_column_text]\n<h2>Evento<\/h2>\n<p>Il mondo dell\u2019appliances ha di fronte a s\u00e9 cambiamenti e sfide, dallo sviluppo della smart home alla spinta verso modelli di produzione e di acquisto green, dal respiro sempre pi\u00f9 globale dell\u2019industria e delle filiere all\u2019affacciarsi della cosiddetta quarta rivoluzione industriale.<\/p>\n<p>Su questo orizzonte, Atelier Appliances Match It si propone come occasione di incontro, confronto e di business.<\/p>\n<p><a class=\"btn btn-lg btn-primary my-2\" href=\"https:\/\/www.atelierappliances.it\/it\/programma\/\">Programma convegni<\/a> <a class=\"btn btn-lg btn-primary my-2\" href=\"https:\/\/www.atelierappliances.it\/it\/programma-incontri\/\/\">Programma incontri<\/a>[\/vc_column_text][\/vc_column_inner][vc_column_inner el_class=&#8221;p-1 p-sm-3 p-lg-4 bg-darker&#8221; width=&#8221;1\/3&#8243;][vc_column_text]\n<h3 class=\"mt-0 mb-1\">Scopri il programma<\/h3>\n[\/vc_column_text][vc_wp_custommenu nav_menu=&#8221;20&#8243;][\/vc_column_inner][\/vc_row_inner][\/vc_column][\/vc_row][vc_row equal_height=&#8221;yes&#8221; content_placement=&#8221;middle&#8221; el_class=&#8221;my-1 bg-gray&#8221;][vc_column el_class=&#8221;py-lg-2 px-lg-5&#8243;][vc_row_inner equal_height=&#8221;yes&#8221; content_placement=&#8221;middle&#8221;][vc_column_inner width=&#8221;1\/4&#8243;][vc_single_image image=&#8221;211&#8243; img_size=&#8221;&#8221; alignment=&#8221;center&#8221; css_animation=&#8221;fadeInLeft&#8221;][\/vc_column_inner][vc_column_inner width=&#8221;3\/4&#8243;][vc_column_text]\n<h3>Internet of Thing<\/h3>\n<p>L\u2019Internet delle Cose non \u00e8 pi\u00f9 uno slogan, ma un mercato in costante crescita. Trend confermato dalla penetrazione sia degli oggetti intelligenti che dei servizi a essi connessi e sostenuto dalla discesa in campo dei grandi player unitamente alla grande vivacit\u00e0 dimostrata in quest\u2019ambito dalle molte start up. La Smart Home \u00e8 fra i settori che riporta i tassi pi\u00f9 vivaci di incremento ed esprime maggiori potenzialit\u00e0 di sviluppo, anche grazie al grande successo degli assistenti vocali. Trend che non possono essere sottovalutati dalle imprese che sviluppano e producono prodotti gi\u00e0 oggi intelligenti, come i grandi elettrodomestici.[\/vc_column_text][\/vc_column_inner][\/vc_row_inner][\/vc_column][\/vc_row][vc_row equal_height=&#8221;yes&#8221; content_placement=&#8221;middle&#8221; el_class=&#8221;my-1&#8243;][vc_column el_class=&#8221;py-lg-2 px-lg-5&#8243;][vc_row_inner equal_height=&#8221;yes&#8221; content_placement=&#8221;middle&#8221;][vc_column_inner width=&#8221;3\/4&#8243;][vc_column_text]\n<h3>New factory &amp; Digital Manufacturing<\/h3>\n<p>Lo sviluppo inarrestabile delle tecnologie digitali ha un impatto profondo anche sulla industria manifatturiera, oggi chiamata diventare 4.0 e quindi sempre pi\u00f9 automatizzata e digitale, ma anche smart ovvero in grado di rispondere ai cambiamenti e alle richieste del mercato in maniera veloce, efficace ed efficiente grazie all\u2019utilizzo di asset digitali come i big data, il machine learning.[\/vc_column_text][\/vc_column_inner][vc_column_inner width=&#8221;1\/4&#8243;][vc_single_image image=&#8221;212&#8243; img_size=&#8221;medium&#8221; alignment=&#8221;center&#8221; css_animation=&#8221;fadeInRight&#8221;][\/vc_column_inner][\/vc_row_inner][\/vc_column][\/vc_row][vc_row equal_height=&#8221;yes&#8221; content_placement=&#8221;middle&#8221; el_class=&#8221;my-1 bg-gray&#8221;][vc_column el_class=&#8221;py-lg-2 px-lg-5&#8243;][vc_row_inner equal_height=&#8221;yes&#8221; content_placement=&#8221;middle&#8221;][vc_column_inner width=&#8221;1\/4&#8243;][vc_single_image image=&#8221;209&#8243; img_size=&#8221;medium&#8221; alignment=&#8221;center&#8221; css_animation=&#8221;fadeInLeft&#8221;][\/vc_column_inner][vc_column_inner width=&#8221;3\/4&#8243;][vc_column_text]\n<h3>Eco design &amp; Economia Circolare<\/h3>\n<p>Ecodesign ed economia circolare sono oggi i cardini delle nuove frontiere della progettazione, ma anche dei nuovi modelli industriali e di business innescati dalla rilevanza che il valore della sostenibilit\u00e0 (intesa, per cominciare, come riduzione dell\u2019impatto ambientale legato alla produzione e al fine vita dei prodotti che da essa derivano) sta conquistando in maniera crescente nella scelta delle imprese e dei consumatori finali.[\/vc_column_text][\/vc_column_inner][\/vc_row_inner][\/vc_column][\/vc_row][vc_row equal_height=&#8221;yes&#8221; content_placement=&#8221;middle&#8221; el_class=&#8221;my-1&#8243;][vc_column el_class=&#8221;py-lg-2 px-lg-5&#8243;][vc_row_inner equal_height=&#8221;yes&#8221; content_placement=&#8221;middle&#8221;][vc_column_inner width=&#8221;3\/4&#8243;][vc_column_text]\n<h3>Competitivit\u00e0 &amp; Globalizzazione<\/h3>\n<p>Oggi tutte le imprese sono chiamate a misurarsi con un quadro economico globale incerto ed estremamente instabile e con un grande numero di cambiamenti, a partire da quelli innescati dallo sviluppo del digitale e del risparmi energetico. Questo quadro detta necessariamente nuove sfide e nuove priorit\u00e0 che le aziende, da mettere in agenda per rimanere competitive in filiere produttive internazionali e in mercati altamente concentrati e globalizzati.[\/vc_column_text][\/vc_column_inner][vc_column_inner width=&#8221;1\/4&#8243;][vc_single_image image=&#8221;206&#8243; img_size=&#8221;medium&#8221; alignment=&#8221;center&#8221; css_animation=&#8221;fadeInRight&#8221;][\/vc_column_inner][\/vc_row_inner][\/vc_column][\/vc_row][vc_row][vc_column][vc_column_text el_class=&#8221;text-center&#8221;]<a class=\"btn btn-lg btn-primary my-2\" href=\"https:\/\/www.experienceretail.it\/it\/contatti\/\">Richiedi informazioni<\/a>[\/vc_column_text][\/vc_column][\/vc_row]\n","protected":false},"excerpt":{"rendered":"<p>[vc_row equal_height=&#8221;yes&#8221; el_class=&#8221;my-1&#8243;][vc_column][vc_row_inner equal_height=&#8221;yes&#8221; content_placement=&#8221;top&#8221;][vc_column_inner el_class=&#8221;py-lg-2 px-lg-5&#8243; width=&#8221;2\/3&#8243;][vc_column_text] Evento Il mondo dell\u2019appliances ha di fronte a s\u00e9 cambiamenti e sfide, dallo sviluppo della smart home alla spinta verso modelli di produzione e di acquisto green, dal respiro sempre pi\u00f9 globale dell\u2019industria e delle filiere all\u2019affacciarsi della cosiddetta quarta rivoluzione industriale. Su questo orizzonte, Atelier Appliances [&hellip;]<\/p>\n","protected":false},"author":12,"featured_media":0,"parent":0,"menu_order":0,"comment_status":"closed","ping_status":"closed","template":"","meta":[],"acf":[],"aioseo_notices":[],"_links":{"self":[{"href":"https:\/\/www.atelierappliances.it\/it\/wp-json\/wp\/v2\/pages\/153"}],"collection":[{"href":"https:\/\/www.atelierappliances.it\/it\/wp-json\/wp\/v2\/pages"}],"about":[{"href":"https:\/\/www.atelierappliances.it\/it\/wp-json\/wp\/v2\/types\/page"}],"author":[{"embeddable":true,"href":"https:\/\/www.atelierappliances.it\/it\/wp-json\/wp\/v2\/users\/12"}],"replies":[{"embeddable":true,"href":"https:\/\/www.atelierappliances.it\/it\/wp-json\/wp\/v2\/comments?post=153"}],"version-history":[{"count":3,"href":"https:\/\/www.atelierappliances.it\/it\/wp-json\/wp\/v2\/pages\/153\/revisions"}],"predecessor-version":[{"id":1086,"href":"https:\/\/www.atelierappliances.it\/it\/wp-json\/wp\/v2\/pages\/153\/revisions\/1086"}],"wp:attachment":[{"href":"https:\/\/www.atelierappliances.it\/it\/wp-json\/wp\/v2\/media?parent=153"}],"curies":[{"name":"wp","href":"https:\/\/api.w.org\/{rel}","templated":true}]}}