{"id":295,"date":"2018-11-29T10:15:21","date_gmt":"2018-11-29T10:15:21","guid":{"rendered":"https:\/\/www.atelierappliances.it\/?page_id=295"},"modified":"2022-05-10T09:28:32","modified_gmt":"2022-05-10T09:28:32","slug":"privacy","status":"publish","type":"page","link":"https:\/\/www.atelierappliances.it\/en\/privacy\/","title":{"rendered":"Privacy"},"content":{"rendered":"[vc_row el_class=&#8221;my-1&#8243;][vc_column el_class=&#8221;py-lg-2 px-lg-5&#8243; offset=&#8221;vc_col-md-offset-1 vc_col-md-10&#8243;][vc_column_text]\n<h2>PRIVACY POLICY ai sensi dell\u2019art. 13 del Regolamento (UE) n. 2016\/679<\/h2>\n<p>Ai sensi e per gli effetti dell\u2019art. 13 del Regolamento (UE) n. 2016\/679 del Parlamento Europeo e del Consiglio del 27 aprile 2016 relativo alla protezione delle persone fisiche con riguardo al trattamento dei dati personali, nonch\u00e9 alla libera circolazione di tali dati e che abroga la direttiva 95\/46\/CE, denominato anche General Data Protection Regulation (di seguito \u201c<strong>GDPR<\/strong>\u201d), La informiamo che i dati personali da Lei volontariamente messi a disposizione di SENAF S.r.l. (di seguito, anche, la \u201cSociet\u00e0\u201d o \u201cSENAF\u201d) saranno oggetto di trattamento nel rispetto della vigente normativa in materia di protezione dei dati personali e, comunque, dei principi di riservatezza cui \u00e8 ispirata l\u2019attivit\u00e0 della Societ\u00e0.<\/p>\n<h3>Categorie di dati trattati<\/h3>\n<p>SENAF tratter\u00e0 le seguenti categorie di dati da Lei forniti:<\/p>\n<ul>\n<li>Dati anagrafici: nome, cognome, data di nascita;<\/li>\n<li>Dati di contatto: indirizzo di residenza o domicilio e recapiti (telefono, indirizzo email);<\/li>\n<li>Dati relativi alla posizione professionale;<\/li>\n<li>Indirizzo IP.<\/li>\n<\/ul>\n<h3>Finalit\u00e0 del trattamento<\/h3>\n<p>I Suoi dati personali saranno trattati per le seguenti finalit\u00e0:<\/p>\n<ul>\n<li>Registrazione ai \u201cForm\u201d presenti nel sito per partecipazioni a iniziative o eventi di SENAF;<\/li>\n<li>adempimenti connessi ad obblighi di legge cui \u00e8 soggetta la Societ\u00e0;<\/li>\n<li>elaborazione di studi e ricerche statistiche e di mercato;<\/li>\n<li>l\u2019organizzazione e lo svolgimento di eventi e incontri anche di natura promozionale, nonch\u00e9 di incontri anche personalizzati con altri operatori di settore e\/o espositori mettendo a disposizione di questi ultimi i dati che vi riguardano;<\/li>\n<li>invio di comunicazioni informative e promozionali, anche di natura commerciale, di materiale pubblicitario anche relativo alle edizioni degli anni successivi della medesima manifestazione fieristica, di offerte di beni e di servizi a mezzo posta, internet, telefono, e-mail, MMS, SMS dall\u2019Italia o dall\u2019estero (anche da Paesi non appartenenti alla Unione Europea) da parte della Societ\u00e0 o di entit\u00e0 fisiche o giuridiche che collaborino in attivit\u00e0 commerciali della Societ\u00e0, da parte di societ\u00e0 specializzate in telemarketing, da societ\u00e0 controllanti, controllate e\/o collegate del Gruppo Tecniche Nuove, di cui SENAF fa parte.<\/li>\n<\/ul>\n<h3>Conferimento dei dati. Conseguenze in caso di mancato conferimento<\/h3>\n<p>Con riferimento alle finalit\u00e0 evidenziate al punto a) e b) del precedente articolo 2 il conferimento dei dati \u00e8 obbligatorio. Un Suo eventuale rifiuto e\/o il conferimento di informazioni inesatte e\/o incomplete determinerebbe:<\/p>\n<ul>\n<li>l\u2019impossibilit\u00e0 di registrazione al presente \u201cForm\u201d e dunque l\u2019impossibilit\u00e0 di usufruire dei servizi per il quale esso \u00e8 stato previsto;<\/li>\n<li>la mancata corrispondenza dei risultati del trattamento dei dati personali agli obblighi imposti dalla normativa vigente, ivi compresa \u2013 ove prevista \u2013 quella fiscale.<\/li>\n<li>Diversamente, con riferimento alle finalit\u00e0 evidenziate ai punti c) e d) del precedente articolo 2 il conferimento dei dati \u00e8 facoltativo e il mancato conferimento dei dati avr\u00e0 come unica conseguenza l\u2019impossibilit\u00e0 per la Societ\u00e0 di inviare comunicazioni relative alla vendita di servizi analoghi a quelli acquistati, elaborare statistiche ed effettuare attivit\u00e0 di ricerca, nonch\u00e9 di inviare comunicazioni per finalit\u00e0 promo-pubblicitarie.<\/li>\n<\/ul>\n<h3>Modalit\u00e0 di trattamento dei dati<\/h3>\n<p>Il trattamento dei dati personali sar\u00e0 effettuato mediante idonei strumenti cartacei, elettronici e\/o telematici, con logiche strettamente correlate alle finalit\u00e0 di cui sopra e, comunque, in modo tale da garantire la sicurezza e riservatezza dei dati stessi.<\/p>\n<h3>Destinatari o Categorie di destinatari dei dati personali<\/h3>\n<p>Potranno venire a conoscenza dei Suoi dati personali i soci, i componenti il consiglio di amministrazione o altro organo amministrativo e, comunque, il Responsabile della Protezione dei Dati, i Responsabili esterni e\/o i Preposti al trattamento e\/o gli Incaricati designati da SENAF nell\u2019esercizio delle loro funzioni.<br \/>\nI Suoi dati personali potranno essere comunicati ad eventuali soggetti che forniscano a SENAF prestazioni o servizi strumentali alle finalit\u00e0 indicate nel precedente paragrafo 1 quali, a mero titolo esemplificativo, societ\u00e0 controllanti, controllate, partecipate e\/o collegate; soggetti, enti e\/o societ\u00e0 che gestiscono e\/o partecipano alla gestione e\/o manutenzione dei siti internet e degli strumenti elettronici e\/o telematici da noi utilizzati.<br \/>\nI Suoi dati personali potranno essere eventualmente trasferiti all\u2019estero, in conformit\u00e0 a quanto previsto dalla normativa vigente, anche in Paesi non appartenenti all\u2019Unione Europea ove la Societ\u00e0 persegua eventualmente i propri interessi.<br \/>\nIl trasferimento in Paesi Extra UE, oltre ai casi in cui questo \u00e8 garantito da Decisioni di Adeguatezza della Commissione, \u00e8 effettuato in modo da fornire Garanzie appropriate e opportune ai sensi degli artt. 46 o 47 o 49 del GDPR.<\/p>\n<h3>Durata del trattamento<\/h3>\n<p>I Suoi dati personali saranno trattati solo per il tempo necessario al raggiungimento delle medesime finalit\u00e0 per i quali essi sono trattati e secondo gli obblighi normativi applicabili alle finalit\u00e0.<\/p>\n<h3>Diritti dell\u2019interessato<\/h3>\n<p>La informiamo che in qualunque momento relativamente ai Suoi dati, Lei potr\u00e0 esercitare i diritti previsti nei limiti ed alle condizioni previste dagli articoli 7 e 15-22 del GDPR.<br \/>\nPer l\u2019esercizio di tali diritti, di seguito descritti, La preghiamo di contattare il Titolare del trattamento dei dati all\u2019indirizzo email <a href=\"mailto:privacy@senaf.it\">privacy@senaf.it<\/a>; a tale richiesta sar\u00e0 fornito idoneo riscontro senza ritardo entro 30 (trenta) giorni di tempo.<br \/>\nNel dettaglio l\u2019Interessato ha il diritto di:<\/p>\n<ul>\n<li>revocare il consenso precedentemente prestato, senza pregiudicare la liceit\u00e0 del trattamento basato sul consenso prima della revoca;<\/li>\n<li>chiedere al Titolare del trattamento l\u2019accesso, la rettifica o la cancellazione (cosiddetto \u201cdiritto all\u2019oblio\u201d) dei dati personali o la limitazione del trattamento dei dati personali che lo riguardano o di opporsi al loro trattamento;<\/li>\n<li>ottenere la portabilit\u00e0 dei dati;<\/li>\n<li>proporre reclamo al Garante per la protezione dei Dati Personali qualora ritenga che i propri diritti siano stati lesi.<\/li>\n<\/ul>\n<h3>Titolare, Responsabili e Responsabile della Protezione dei Dati<\/h3>\n<p>Senaf Srl \u2013 Gruppo Tecniche Nuove Spa<\/p>\n<p>Sede Legale: via Eritrea 21\/A \u2013 20157 Milano<\/p>\n<p>Sedi operative: via Eritrea 21\/A \u2013 20157 Milano \/ via di Corticella 181\/3 \u2013 40128 Bologna<\/p>\n<p><a href=\"mailto:privacy@senaf.it\">privacy@senaf.it<\/a><\/p>\n<h3>Responsabile per la protezione dei dati<\/h3>\n<p>Responsabile per la protezione dei dati<\/p>\n<p>Ecoconsult Srl<\/p>\n<p>Sede Legale e Operativa: Via C. Goldoni, 1 \u2013 20129 Milano<\/p>\n<p><a href=\"mailto:dpo@ecoconsult.it\">dpo@ecoconsult.it<\/a><\/p>\n<p>La presente informativa sar\u00e0 soggetta ad aggiornamenti. SENAF invita, pertanto, gli utenti che intendano conoscere le modalit\u00e0 di trattamento dei dati personali a visitare periodicamente questa pagina.[\/vc_column_text][\/vc_column][\/vc_row]\n","protected":false},"excerpt":{"rendered":"<p>[vc_row el_class=&#8221;my-1&#8243;][vc_column el_class=&#8221;py-lg-2 px-lg-5&#8243; offset=&#8221;vc_col-md-offset-1 vc_col-md-10&#8243;][vc_column_text] PRIVACY POLICY ai sensi dell\u2019art. 13 del Regolamento (UE) n. 2016\/679 Ai sensi e per gli effetti dell\u2019art. 13 del Regolamento (UE) n. 2016\/679 del Parlamento Europeo e del Consiglio del 27 aprile 2016 relativo alla protezione delle persone fisiche con riguardo al trattamento dei dati personali, nonch\u00e9 alla [&hellip;]<\/p>\n","protected":false},"author":1,"featured_media":73,"parent":0,"menu_order":0,"comment_status":"closed","ping_status":"closed","template":"","meta":[],"acf":[],"aioseo_notices":[],"_links":{"self":[{"href":"https:\/\/www.atelierappliances.it\/en\/wp-json\/wp\/v2\/pages\/295"}],"collection":[{"href":"https:\/\/www.atelierappliances.it\/en\/wp-json\/wp\/v2\/pages"}],"about":[{"href":"https:\/\/www.atelierappliances.it\/en\/wp-json\/wp\/v2\/types\/page"}],"author":[{"embeddable":true,"href":"https:\/\/www.atelierappliances.it\/en\/wp-json\/wp\/v2\/users\/1"}],"replies":[{"embeddable":true,"href":"https:\/\/www.atelierappliances.it\/en\/wp-json\/wp\/v2\/comments?post=295"}],"version-history":[{"count":2,"href":"https:\/\/www.atelierappliances.it\/en\/wp-json\/wp\/v2\/pages\/295\/revisions"}],"predecessor-version":[{"id":1471,"href":"https:\/\/www.atelierappliances.it\/en\/wp-json\/wp\/v2\/pages\/295\/revisions\/1471"}],"wp:featuredmedia":[{"embeddable":true,"href":"https:\/\/www.atelierappliances.it\/en\/wp-json\/wp\/v2\/media\/73"}],"wp:attachment":[{"href":"https:\/\/www.atelierappliances.it\/en\/wp-json\/wp\/v2\/media?parent=295"}],"curies":[{"name":"wp","href":"https:\/\/api.w.org\/{rel}","templated":true}]}}